{"id":3,"date":"2025-05-01T17:34:58","date_gmt":"2025-05-01T17:34:58","guid":{"rendered":"https:\/\/womens-health-insideout.com\/?page_id=3"},"modified":"2025-12-30T17:21:42","modified_gmt":"2025-12-30T16:21:42","slug":"privacy-policy","status":"publish","type":"page","link":"https:\/\/womens-health-insideout.com\/?page_id=3","title":{"rendered":"Privacy Policy"},"content":{"rendered":"\n<h2 class=\"wp-block-heading\">Vem Womens Health Insideout \u00e4r:<\/h2>\n\n\n\n<p>Min webbaddress \u00e4r: https:\/\/womens-health-insideout.com samt underdom\u00e4nen <a href=\"https:\/\/womens-health-insideout.com\">https:\/\/medlem.womens-health-insideout.com<\/a><\/p>\n\n\n\n<h2 class=\"wp-block-heading\">Kommentarer<\/h2>\n\n\n\n<p>N\u00e4r bes\u00f6kare l\u00e4mnar kommentarer p\u00e5 webbplatsen samlar jag in de uppgifter som visas i kommentarsformul\u00e4ret, samt bes\u00f6karens IP-adress och webbl\u00e4sarens anv\u00e4ndaragentstr\u00e4ng f\u00f6r att hj\u00e4lpa till att uppt\u00e4cka skr\u00e4ppost. S\u00e5nt vill jag av f\u00f6rst\u00e5eliga sk\u00e4l inte ha p\u00e5 min sida.<br><br>En anonymiserad str\u00e4ng som skapas fr\u00e5n din e-postadress (\u00e4ven kallad en hash) kan tillhandah\u00e5lla Gravatar-tj\u00e4nsten f\u00f6r att se OM du anv\u00e4nder den. Gravatar-tj\u00e4nstens integritetspolicy finns h\u00e4r: https:\/\/automattic.com\/privacy\/.<br>Efter att din kommentar har godk\u00e4nts \u00e4r din profilbild synlig f\u00f6r allm\u00e4nheten i samband med din kommentar.<\/p>\n\n\n\n<h2 class=\"wp-block-heading\">Formul\u00e4rdata<\/h2>\n\n\n\n<p>Jag samlar enbart in n\u00f6dv\u00e4ndiga uppgifter f\u00f6r att kunna ta kontakt och svara p\u00e5 fr\u00e5gor, bekr\u00e4fta anm\u00e4lan till kurser, event, m\u00f6ten, skicka information och skicka m\u00e5nadsbrev till de som vill ha det.<\/p>\n\n\n\n<h2 class=\"wp-block-heading\">Tystnadsplikt<\/h2>\n\n\n\n<p>Inget som skrivs till mig, s\u00e4gs under kurser eller coachning delas vidare till n\u00e5gon person, tj\u00e4nst eller p\u00e5 sociala medier. <br>Om jag vid n\u00e5got tillf\u00e4lle vill anv\u00e4nda referensuppgifter kommer jag uttryckligen via mail fr\u00e5ga och respektera svaret.<\/p>\n\n\n\n<h2 class=\"wp-block-heading\">Inb\u00e4ddat inneh\u00e5ll fr\u00e5n andra webbsidor<\/h2>\n\n\n\n<p>Artiklar p\u00e5 den h\u00e4r webbplatsen kan inneh\u00e5lla inb\u00e4ddat inneh\u00e5ll (t.ex. videor, bilder, artiklar etc.). Inb\u00e4ddat inneh\u00e5ll fr\u00e5n andra webbplatser beter sig p\u00e5 exakt samma s\u00e4tt som om bes\u00f6karen har bes\u00f6kt den andra webbplatsen.<br><br>Dessa webbplatser kan samla in data om dig, anv\u00e4nda cookies, b\u00e4dda in ytterligare sp\u00e5rning fr\u00e5n tredje part och \u00f6vervaka din interaktion med det inb\u00e4ddade inneh\u00e5llet, inklusive att sp\u00e5ra din interaktion med det inb\u00e4ddade inneh\u00e5llet om du har ett konto och \u00e4r inloggad p\u00e5 den webbplatsen<\/p>\n\n\n\n<h2 class=\"wp-block-heading\">Hur l\u00e4nge sparas dina data<\/h2>\n\n\n\n<p>Om du l\u00e4mnar en kommentar sparas kommentaren och dess metadata p\u00e5 obest\u00e4md tid. Detta g\u00f6rs s\u00e5 att jag kan k\u00e4nna igen och godk\u00e4nna eventuella uppf\u00f6ljningskommentarer automatiskt ist\u00e4llet f\u00f6r att h\u00e5lla dem i en modereringsk\u00f6.<br><br>F\u00f6r anv\u00e4ndare som registrerar sig p\u00e5 min webbplats (om n\u00e5gon) lagras den personliga information de anger i sin anv\u00e4ndarprofil. Alla anv\u00e4ndare kan se, redigera eller ta bort sin personliga information n\u00e4r som helst (f\u00f6rutom att de inte kan \u00e4ndra sitt anv\u00e4ndarnamn). Webbplatsadministrat\u00f6ren, Madeleine Dahlgren kan ocks\u00e5 se och redigera den informationen.<\/p>\n\n\n\n<h2 class=\"wp-block-heading\">Dina r\u00e4ttigheter \u00f6ver dina data<\/h2>\n\n\n\n<p>Om du har ett konto p\u00e5 den h\u00e4r webbplatsen kan du beg\u00e4ra att f\u00e5 en exporterad fil med de personuppgifter jag har om dig, inklusive alla uppgifter du har l\u00e4mnat till oss. Du kan ocks\u00e5 beg\u00e4ra att vi raderar alla personuppgifter vi har om dig. Detta inkluderar inte uppgifter som vi \u00e4r skyldiga att beh\u00e5lla av administrativa, juridiska eller s\u00e4kerhetsm\u00e4ssiga sk\u00e4l.<\/p>\n\n\n\n<h2 class=\"wp-block-heading\">Vart dina data skickas<\/h2>\n\n\n\n<p>Bes\u00f6kares kommentarer kan kontrolleras via en automatiserad skr\u00e4ppostdetekteringstj\u00e4nst.<\/p>\n\n\n\n<p><\/p>\n","protected":false},"excerpt":{"rendered":"<p>Vem Womens Health Insideout \u00e4r: Min webbaddress \u00e4r: https:\/\/womens-health-insideout.com samt underdom\u00e4nen https:\/\/medlem.womens-health-insideout.com Kommentarer N\u00e4r bes\u00f6kare l\u00e4mnar kommentarer p\u00e5 webbplatsen samlar jag in de uppgifter som visas i kommentarsformul\u00e4ret, samt bes\u00f6karens IP-adress och webbl\u00e4sarens anv\u00e4ndaragentstr\u00e4ng f\u00f6r att hj\u00e4lpa till att uppt\u00e4cka skr\u00e4ppost. S\u00e5nt vill jag av f\u00f6rst\u00e5eliga sk\u00e4l inte ha p\u00e5 min sida. En anonymiserad str\u00e4ng [&hellip;]<\/p>\n","protected":false},"author":1,"featured_media":0,"parent":38,"menu_order":1,"comment_status":"closed","ping_status":"closed","template":"womens-health-insideout-header","meta":{"footnotes":""},"class_list":["post-3","page","type-page","status-publish","hentry"],"_links":{"self":[{"href":"https:\/\/womens-health-insideout.com\/index.php?rest_route=\/wp\/v2\/pages\/3","targetHints":{"allow":["GET"]}}],"collection":[{"href":"https:\/\/womens-health-insideout.com\/index.php?rest_route=\/wp\/v2\/pages"}],"about":[{"href":"https:\/\/womens-health-insideout.com\/index.php?rest_route=\/wp\/v2\/types\/page"}],"author":[{"embeddable":true,"href":"https:\/\/womens-health-insideout.com\/index.php?rest_route=\/wp\/v2\/users\/1"}],"replies":[{"embeddable":true,"href":"https:\/\/womens-health-insideout.com\/index.php?rest_route=%2Fwp%2Fv2%2Fcomments&post=3"}],"version-history":[{"count":3,"href":"https:\/\/womens-health-insideout.com\/index.php?rest_route=\/wp\/v2\/pages\/3\/revisions"}],"predecessor-version":[{"id":275,"href":"https:\/\/womens-health-insideout.com\/index.php?rest_route=\/wp\/v2\/pages\/3\/revisions\/275"}],"up":[{"embeddable":true,"href":"https:\/\/womens-health-insideout.com\/index.php?rest_route=\/wp\/v2\/pages\/38"}],"wp:attachment":[{"href":"https:\/\/womens-health-insideout.com\/index.php?rest_route=%2Fwp%2Fv2%2Fmedia&parent=3"}],"curies":[{"name":"wp","href":"https:\/\/api.w.org\/{rel}","templated":true}]}}